{"id":144,"date":"2025-12-25T19:14:47","date_gmt":"2025-12-25T19:14:47","guid":{"rendered":"https:\/\/villacalika.fr\/?page_id=144"},"modified":"2026-01-26T20:57:46","modified_gmt":"2026-01-26T20:57:46","slug":"page-1-villa-calika","status":"publish","type":"page","link":"https:\/\/villacalika.fr\/index.php\/page-1-villa-calika\/","title":{"rendered":"\u00c0 propos"},"content":{"rendered":"\n<h1 class=\"wp-block-heading\"><\/h1>\n\n\n\n<figure class=\"wp-block-image aligncenter size-large\"><img fetchpriority=\"high\" decoding=\"async\" width=\"1024\" height=\"576\" src=\"https:\/\/villacalika.fr\/wp-content\/uploads\/2025\/12\/ACCUEIL-OPTI-2-1024x576.jpg\" alt=\"\" class=\"wp-image-157\" srcset=\"https:\/\/villacalika.fr\/wp-content\/uploads\/2025\/12\/ACCUEIL-OPTI-2-1024x576.jpg 1024w, https:\/\/villacalika.fr\/wp-content\/uploads\/2025\/12\/ACCUEIL-OPTI-2-300x169.jpg 300w, https:\/\/villacalika.fr\/wp-content\/uploads\/2025\/12\/ACCUEIL-OPTI-2-768x432.jpg 768w, https:\/\/villacalika.fr\/wp-content\/uploads\/2025\/12\/ACCUEIL-OPTI-2-1536x864.jpg 1536w, https:\/\/villacalika.fr\/wp-content\/uploads\/2025\/12\/ACCUEIL-OPTI-2.jpg 1920w\" sizes=\"(max-width: 1024px) 100vw, 1024px\" \/><\/figure>\n\n\n\n<h6 class=\"wp-block-heading has-text-align-center\">Location saisonni\u00e8re \u00e0 Sauveterre &#8211; Grand Avignon &#8211; France<\/h6>\n\n\n\n<p class=\"has-text-align-center\">Info r\u00e9servation : <strong>bonjour@villacalika.fr <\/strong>&#8211; Karine &amp; Fran\u00e7ois \/ whatsapp +33(0)7 82 32 62 43<\/p>\n\n\n\n<p>Villa Calika vous accueille dans un havre de paix de 180 m\u00b2, m\u00ealant calme, verdure et vue dominante sans isolement \u00e0 deux pas d\u2019Avignon. Gr\u00e2ce aux grandes baies vitr\u00e9es, vivez une immersion unique entre int\u00e9rieur et ext\u00e9rieur, dans une ambiance lumineuse et apaisante. Notre maison est parfaite pour des s\u00e9jours ressour\u00e7ants dans un cadre exceptionnel, alliant confort, calme et s\u00e9r\u00e9nit\u00e9. La maison offre de g\u00e9n\u00e9reux espaces et des \u00e9quipements de qualit\u00e9 : Salon et salle \u00e0 manger de 60 m\u00b2, id\u00e9al pour des moments conviviaux. Une cuisine \u00e9quip\u00e9e s&rsquo;ouvrant sur une terrasse couverte.<\/p>\n\n\n\n<ul class=\"wp-block-list\">\n<li>Rez-de-chauss\u00e9e :<\/li>\n<\/ul>\n\n\n\n<p>3 chambres (1 lit double en 140 cm et 1 lit double en 160 cm). + une chambre en open space (lit 180 cm).<\/p>\n\n\n\n<p>3 salles de bain privatives et 2 WC.<\/p>\n\n\n\n<ul class=\"wp-block-list\">\n<li>\u00c9tage :<\/li>\n<\/ul>\n\n\n\n<p>1 chambre (lit double en 160 cm) avec une salle de bain privative (douche et WC).<\/p>\n\n\n\n<ul class=\"wp-block-list\">\n<li>Ext\u00e9rieur :<\/li>\n<\/ul>\n\n\n\n<p>Trampoline 3,60 m de diam\u00e8tre. Piscine priv\u00e9e sous alarme. Transats.<\/p>\n\n\n\n<p>Parking clos pour 3\/4 v\u00e9hicules.Gran jardin paysager clos. La maison est situ\u00e9e sur les hauteurs d\u2019un charmant village, offrant une vue d\u00e9gag\u00e9e et un environnement paisible.<\/p>\n\n\n\n<p>Gare d&rsquo;Avignon TGV : \u00e0 18 minutes (13 km). A\u00e9roport Marseille : \u00e0 94 km. Le centre historique d\u2019Avignon est accessible en 12 minutes en voiture. Parking gratuit &#8211; navette gratuite.<\/p>\n\n\n\n<p>Pour votre confort, il est recommand\u00e9 d\u2019avoir un v\u00e9hicule, bien que des lignes de bus desservent le village.<\/p>\n\n\n\n<p>La piscine est op\u00e9rationnelle du 1er juin au 30 septembre.<\/p>\n\n\n\n<p>D\u00e9tails de l&rsquo;enregistrement : <strong>v<\/strong><strong><em>illa class\u00e9e G\u00eete toursime 4*- EXP71000 &#8211;<\/em><\/strong><\/p>\n\n\n\n<p><\/p>\n","protected":false},"excerpt":{"rendered":"<p>Location saisonni\u00e8re \u00e0 Sauveterre &#8211; Grand Avignon &#8211; France Info r\u00e9servation : bonjour@villacalika.fr &#8211; Karine &amp; Fran\u00e7ois \/ whatsapp +33(0)7 [&hellip;]<\/p>\n","protected":false},"author":1,"featured_media":0,"parent":0,"menu_order":0,"comment_status":"closed","ping_status":"closed","template":"","meta":{"site-sidebar-layout":"default","site-content-layout":"","ast-site-content-layout":"default","site-content-style":"default","site-sidebar-style":"default","ast-global-header-display":"","ast-banner-title-visibility":"","ast-main-header-display":"","ast-hfb-above-header-display":"","ast-hfb-below-header-display":"","ast-hfb-mobile-header-display":"","site-post-title":"","ast-breadcrumbs-content":"","ast-featured-img":"","footer-sml-layout":"","ast-disable-related-posts":"","theme-transparent-header-meta":"","adv-header-id-meta":"","stick-header-meta":"","header-above-stick-meta":"","header-main-stick-meta":"","header-below-stick-meta":"","astra-migrate-meta-layouts":"default","ast-page-background-enabled":"default","ast-page-background-meta":{"desktop":{"background-color":"var(--ast-global-color-5)","background-image":"","background-repeat":"repeat","background-position":"center center","background-size":"auto","background-attachment":"scroll","background-type":"","background-media":"","overlay-type":"","overlay-color":"","overlay-opacity":"","overlay-gradient":""},"tablet":{"background-color":"","background-image":"","background-repeat":"repeat","background-position":"center center","background-size":"auto","background-attachment":"scroll","background-type":"","background-media":"","overlay-type":"","overlay-color":"","overlay-opacity":"","overlay-gradient":""},"mobile":{"background-color":"","background-image":"","background-repeat":"repeat","background-position":"center center","background-size":"auto","background-attachment":"scroll","background-type":"","background-media":"","overlay-type":"","overlay-color":"","overlay-opacity":"","overlay-gradient":""}},"ast-content-background-meta":{"desktop":{"background-color":"var(--ast-global-color-4)","background-image":"","background-repeat":"repeat","background-position":"center center","background-size":"auto","background-attachment":"scroll","background-type":"","background-media":"","overlay-type":"","overlay-color":"","overlay-opacity":"","overlay-gradient":""},"tablet":{"background-color":"var(--ast-global-color-4)","background-image":"","background-repeat":"repeat","background-position":"center center","background-size":"auto","background-attachment":"scroll","background-type":"","background-media":"","overlay-type":"","overlay-color":"","overlay-opacity":"","overlay-gradient":""},"mobile":{"background-color":"var(--ast-global-color-4)","background-image":"","background-repeat":"repeat","background-position":"center center","background-size":"auto","background-attachment":"scroll","background-type":"","background-media":"","overlay-type":"","overlay-color":"","overlay-opacity":"","overlay-gradient":""}},"footnotes":""},"class_list":["post-144","page","type-page","status-publish","hentry"],"_links":{"self":[{"href":"https:\/\/villacalika.fr\/index.php\/wp-json\/wp\/v2\/pages\/144","targetHints":{"allow":["GET"]}}],"collection":[{"href":"https:\/\/villacalika.fr\/index.php\/wp-json\/wp\/v2\/pages"}],"about":[{"href":"https:\/\/villacalika.fr\/index.php\/wp-json\/wp\/v2\/types\/page"}],"author":[{"embeddable":true,"href":"https:\/\/villacalika.fr\/index.php\/wp-json\/wp\/v2\/users\/1"}],"replies":[{"embeddable":true,"href":"https:\/\/villacalika.fr\/index.php\/wp-json\/wp\/v2\/comments?post=144"}],"version-history":[{"count":15,"href":"https:\/\/villacalika.fr\/index.php\/wp-json\/wp\/v2\/pages\/144\/revisions"}],"predecessor-version":[{"id":211,"href":"https:\/\/villacalika.fr\/index.php\/wp-json\/wp\/v2\/pages\/144\/revisions\/211"}],"wp:attachment":[{"href":"https:\/\/villacalika.fr\/index.php\/wp-json\/wp\/v2\/media?parent=144"}],"curies":[{"name":"wp","href":"https:\/\/api.w.org\/{rel}","templated":true}]}}